{"id":16,"date":"2025-10-16T11:03:52","date_gmt":"2025-10-16T14:03:52","guid":{"rendered":"https:\/\/brasiliatudodebom.com.br\/?page_id=16"},"modified":"2025-10-16T11:03:53","modified_gmt":"2025-10-16T14:03:53","slug":"certificado","status":"publish","type":"page","link":"https:\/\/brasiliatudodebom.com.br\/index.php\/certificado\/","title":{"rendered":"CERTIFICADO"},"content":{"rendered":"\n<p>Em breve informa\u00e7\u00f5es para voc\u00ea obter o certificado Bras\u00edlia Tudo de Bom<\/p>\n","protected":false},"excerpt":{"rendered":"<p>Em breve informa\u00e7\u00f5es para voc\u00ea obter o certificado Bras\u00edlia Tudo de Bom<\/p>\n","protected":false},"author":1,"featured_media":0,"parent":0,"menu_order":0,"comment_status":"closed","ping_status":"closed","template":"","meta":{"footnotes":""},"class_list":["post-16","page","type-page","status-publish",""],"_links":{"self":[{"href":"https:\/\/brasiliatudodebom.com.br\/index.php\/wp-json\/wp\/v2\/pages\/16","targetHints":{"allow":["GET"]}}],"collection":[{"href":"https:\/\/brasiliatudodebom.com.br\/index.php\/wp-json\/wp\/v2\/pages"}],"about":[{"href":"https:\/\/brasiliatudodebom.com.br\/index.php\/wp-json\/wp\/v2\/types\/page"}],"author":[{"embeddable":true,"href":"https:\/\/brasiliatudodebom.com.br\/index.php\/wp-json\/wp\/v2\/users\/1"}],"replies":[{"embeddable":true,"href":"https:\/\/brasiliatudodebom.com.br\/index.php\/wp-json\/wp\/v2\/comments?post=16"}],"version-history":[{"count":1,"href":"https:\/\/brasiliatudodebom.com.br\/index.php\/wp-json\/wp\/v2\/pages\/16\/revisions"}],"predecessor-version":[{"id":17,"href":"https:\/\/brasiliatudodebom.com.br\/index.php\/wp-json\/wp\/v2\/pages\/16\/revisions\/17"}],"wp:attachment":[{"href":"https:\/\/brasiliatudodebom.com.br\/index.php\/wp-json\/wp\/v2\/media?parent=16"}],"curies":[{"name":"wp","href":"https:\/\/api.w.org\/{rel}","templated":true}]}}